{"id":721,"date":"2022-07-25T10:24:41","date_gmt":"2022-07-25T10:24:41","guid":{"rendered":"https:\/\/www.industriasfeu.es\/?page_id=721"},"modified":"2022-07-25T10:24:41","modified_gmt":"2022-07-25T10:24:41","slug":"catalogues","status":"publish","type":"page","link":"https:\/\/www.industriasfeu.es\/fr\/catalogues\/","title":{"rendered":"Catalogues"},"content":{"rendered":"<section class=\"section  text-normal section-text-no-shadow section-inner-no-shadow section-normal section-opaque\"  >\n    \n    <div class=\"background-overlay grid-overlay-0 \" style=\"background-color: rgba(0,0,0,0);\"><\/div>\n\n    <div class=\"container-fullwidth container-vertical-default\">\n        <div class=\"row vertical-default\">\n            <div class=\"col-md-12     text-default small-screen-default\"  >[rev_slider_vc alias=\u00a0\u00bbslider-calidad-1&Prime;]<\/div>        <\/div>\n    <\/div>\n<\/section>\n<section class=\"section  text-normal section-text-no-shadow section-inner-no-shadow section-normal section-opaque\"  >\n    \n    <div class=\"background-overlay grid-overlay-0 \" style=\"background-color: rgba(0,0,0,0);\"><\/div>\n\n    <div class=\"container container-vertical-default\">\n        <div class=\"row vertical-default\">\n            <div class=\"col-md-12     text-default small-screen-default\"  ><h1 class=\"text-center  element-top-50 element-bottom-0 text-normal os-animation big default\" data-os-animation=\"fadeIn\" data-os-animation-delay=\"0s\" >\n    T\u00c9L\u00c9CHARGER LES CATALOGUES<\/h1><div class=\"divider-border  divider-border-center element-top-10 element-bottom-10 os-animation\" data-os-animation=\"fadeIn\" data-os-animation-delay=\"0.1s\"  style=\"height:3px;\">\n    <div class=\"divider-border-inner\"  style=\"width:60px;\"><\/div>\n<\/div><p class=\"lead text-center center  text-normal element-top-20 element-bottom-40 os-animation \" data-os-animation=\"fadeIn\" data-os-animation-delay=\"0.2s\">Nous disposons d&rsquo;une large gamme de pi\u00e8ces d\u00e9tach\u00e9es pour v\u00e9hicules industriels et ressorts \u00e0 lames, adaptables aux marques nationales et internationales.<\/p><\/div>        <\/div>\n    <\/div>\n<\/section>\n<section class=\"section  text-normal section-text-no-shadow section-inner-no-shadow section-normal section-opaque\"  >\n    \n    <div class=\"background-overlay grid-overlay-0 \" style=\"background-color: rgba(0,0,0,0);\"><\/div>\n\n    <div class=\"container container-vertical-default\">\n        <div class=\"row vertical-default\">\n            <div class=\"col-md-2     text-default small-screen-default\"  ><\/div><div class=\"col-md-8     text-default small-screen-default\"  ><div class=\"list-container row  element-top-20 element-bottom-20\" data-os-animation=\"none\" data-os-animation-delay=\"0s\">\n<div class=\"col-md-6 text-normal element-top-0 element-bottom-20 text-center\" data-os-animation=\"none\" data-os-animation-delay=\"0s\">\n                        <span class=\"service-simple-image\">\n                            <\/span>\n                        <h3>\n                            <a href=\"https:\/\/www.industriasfeu.es\/wp-content\/uploads\/2021\/05\/FABRICACION.pdf\" target=\"_blank\">\n                        CATALOGUE DE FABRICATION SP\u00c9CIAL                            <\/a>\n                    <\/h3>\n                <p><\/p>\n        <\/div><div class=\"col-md-6 text-normal element-top-0 element-bottom-20 text-center\" data-os-animation=\"none\" data-os-animation-delay=\"0s\">\n                        <span class=\"service-simple-image\">\n                            <\/span>\n                        <h3>\n                            <a href=\"https:\/\/www.industriasfeu.es\/wp-content\/uploads\/2023\/09\/CATALOGO-FEU-COMPLETO.pdf\" target=\"_blank\">\n                        CATALOGUE V\u00c9HICULES INDUSTRIELS                            <\/a>\n                    <\/h3>\n                <p><\/p>\n        <\/div><\/div><\/div><div class=\"col-md-2     text-default small-screen-default\"  ><\/div>        <\/div>\n    <\/div>\n<\/section>\n","protected":false},"excerpt":{"rendered":"","protected":false},"author":1,"featured_media":0,"parent":0,"menu_order":2,"comment_status":"closed","ping_status":"closed","template":"","meta":{"footnotes":""},"class_list":["post-721","page","type-page","status-publish","hentry"],"aioseo_notices":[],"_links":{"self":[{"href":"https:\/\/www.industriasfeu.es\/fr\/wp-json\/wp\/v2\/pages\/721","targetHints":{"allow":["GET"]}}],"collection":[{"href":"https:\/\/www.industriasfeu.es\/fr\/wp-json\/wp\/v2\/pages"}],"about":[{"href":"https:\/\/www.industriasfeu.es\/fr\/wp-json\/wp\/v2\/types\/page"}],"author":[{"embeddable":true,"href":"https:\/\/www.industriasfeu.es\/fr\/wp-json\/wp\/v2\/users\/1"}],"replies":[{"embeddable":true,"href":"https:\/\/www.industriasfeu.es\/fr\/wp-json\/wp\/v2\/comments?post=721"}],"version-history":[{"count":2,"href":"https:\/\/www.industriasfeu.es\/fr\/wp-json\/wp\/v2\/pages\/721\/revisions"}],"predecessor-version":[{"id":738,"href":"https:\/\/www.industriasfeu.es\/fr\/wp-json\/wp\/v2\/pages\/721\/revisions\/738"}],"wp:attachment":[{"href":"https:\/\/www.industriasfeu.es\/fr\/wp-json\/wp\/v2\/media?parent=721"}],"curies":[{"name":"wp","href":"https:\/\/api.w.org\/{rel}","templated":true}]}}