{"id":553,"date":"2021-05-19T11:11:20","date_gmt":"2021-05-19T11:11:20","guid":{"rendered":"https:\/\/www.industriasfeu.es\/quality\/"},"modified":"2025-05-23T10:18:33","modified_gmt":"2025-05-23T10:18:33","slug":"qualite","status":"publish","type":"page","link":"https:\/\/www.industriasfeu.es\/fr\/qualite\/","title":{"rendered":"Qualit\u00e9"},"content":{"rendered":"<section class=\"section  text-normal section-text-no-shadow section-inner-no-shadow section-normal section-opaque\"  >\n    \n    <div class=\"background-overlay grid-overlay-0 \" style=\"background-color: rgba(0,0,0,0);\"><\/div>\n\n    <div class=\"container-fullwidth container-vertical-default\">\n        <div class=\"row vertical-default\">\n            <div class=\"col-md-12     text-default small-screen-default\"  >[rev_slider_vc alias=\u00a0\u00bbslider-9-1-1&Prime;]<\/div>        <\/div>\n    <\/div>\n<\/section>\n<section class=\"section  text-normal section-text-no-shadow section-inner-no-shadow section-normal section-opaque\"  >\n    \n    <div class=\"background-overlay grid-overlay-0 \" style=\"background-color: rgba(0,0,0,0);\"><\/div>\n\n    <div class=\"container container-vertical-default\">\n        <div class=\"row vertical-default\">\n            <div class=\"col-md-12     text-default small-screen-default\"  ><h1 class=\"text-center  element-top-50 element-bottom-0 text-normal os-animation big default\" data-os-animation=\"fadeIn\" data-os-animation-delay=\"0s\" >\n    POLITIQUE DE QUALIT\u00c9<\/h1><div class=\"divider-border  divider-border-center element-top-10 element-bottom-10 os-animation\" data-os-animation=\"fadeIn\" data-os-animation-delay=\"0.1s\"  style=\"height:3px;\">\n    <div class=\"divider-border-inner\"  style=\"width:60px;\"><\/div>\n<\/div><p class=\"lead text-center center  text-normal element-top-20 element-bottom-40 os-animation \" data-os-animation=\"fadeIn\" data-os-animation-delay=\"0.2s\"><strong>Industrias FEU S.L.<\/strong>, une organisation d\u00e9di\u00e9e \u00e0 la fabrication de pi\u00e8ces de rechange pour suspensions de v\u00e9hicules industriels, a d\u00e9cid\u00e9 de mettre en \u0153uvre un syst\u00e8me de gestion de la qualit\u00e9 bas\u00e9 sur la norme ISO 9001 pour am\u00e9liorer le service qu&rsquo;elle fournit \u00e0 ses clients.<\/p><p class=\"lead text-center center  text-normal element-top-20 element-bottom-40 os-animation \" data-os-animation=\"fadeIn\" data-os-animation-delay=\"0.2s\">La direction de <strong>Industrias FEU S.L.<\/strong> se concentre sur le Syst\u00e8me de Qualit\u00e9 comme moyen d&rsquo;organiser le fonctionnement d&rsquo;<strong>Industrias FEU S.L.<\/strong> bas\u00e9 sur des piliers de base tels que la qualit\u00e9 de ses produits, la satisfaction du client et l&rsquo;am\u00e9lioration continue de l&rsquo;efficacit\u00e9 du Syst\u00e8me. \u00c0 cette fin, le syst\u00e8me de gestion de la qualit\u00e9 d&rsquo;<strong>Industrias FEU S.L.<\/strong> est bas\u00e9 sur :<\/p><\/div>        <\/div>\n    <\/div>\n<\/section>\n<section class=\"section  text-normal section-text-no-shadow section-inner-no-shadow section-normal section-opaque\"  >\n    \n    <div class=\"background-overlay grid-overlay-0 \" style=\"background-color: rgba(0,0,0,0);\"><\/div>\n\n    <div class=\"container container-vertical-default\">\n        <div class=\"row vertical-default\">\n            <div class=\"col-md-2     text-default small-screen-default\"  ><\/div><div class=\"col-md-8     text-default small-screen-default\"  ><ul class=\"features-list  text-normal element-top-20 element-bottom-20 os-animation\" data-os-animation=\"fadeIn\" data-os-animation-delay=\"0s\">\n    <li class=\" element-top-20 element-bottom-20\"  data-os-animation=\"none\" data-os-animation-delay=\"0s\">\n            <div class=\"features-list-icon box-animate\" data-animation=\" \">\n            <i class=\"icon-check\" style=\"color:#366fca;\"><\/i>\n        <\/div>\n        <h3>\n            <\/h3>\n    <p>\n        La qualit\u00e9 et son am\u00e9lioration sont la responsabilit\u00e9 de tous les membres d&rsquo;Industrias FEU S.L. en commen\u00e7ant par le haut.    <\/p>\n<\/li><li class=\" element-top-20 element-bottom-20\"  data-os-animation=\"none\" data-os-animation-delay=\"0s\">\n            <div class=\"features-list-icon box-animate\" data-animation=\" \">\n            <i class=\"icon-check\" style=\"color:#366fca;\"><\/i>\n        <\/div>\n        <h3>\n            <\/h3>\n    <p>\n        La qualit\u00e9 est obtenue en planifiant, en ex\u00e9cutant, en r\u00e9visant et en am\u00e9liorant le syst\u00e8me de gestion, en gardant toujours \u00e0 l\u2019esprit le contexte de l\u2019organisation, tant interne qu\u2019externe.    <\/p>\n<\/li><li class=\" element-top-20 element-bottom-20\"  data-os-animation=\"none\" data-os-animation-delay=\"0s\">\n            <div class=\"features-list-icon box-animate\" data-animation=\" \">\n            <i class=\"icon-check\" style=\"color:#366fca;\"><\/i>\n        <\/div>\n        <h3>\n            <\/h3>\n    <p>\n        La qualit\u00e9 est orient\u00e9e vers la satisfaction de tous nos clients (et parties prenantes), \u00e0 travers l&rsquo;engagement de toute l&rsquo;organisation \u00e0 r\u00e9pondre \u00e0 leurs besoins et exigences, ainsi qu&rsquo;aux exigences l\u00e9gales et r\u00e9glementaires et \u00e0 celles des produits eux-m\u00eames.    <\/p>\n<\/li><li class=\" element-top-20 element-bottom-20\"  data-os-animation=\"none\" data-os-animation-delay=\"0s\">\n            <div class=\"features-list-icon box-animate\" data-animation=\" \">\n            <i class=\"icon-check\" style=\"color:#366fca;\"><\/i>\n        <\/div>\n        <h3>\n            <\/h3>\n    <p>\n        La qualit\u00e9 repose sur l\u2019am\u00e9lioration continue des processus de production et de prestation de services, ainsi que sur l\u2019efficacit\u00e9 du Syst\u00e8me de Gestion de la Qualit\u00e9, dans lequel la pr\u00e9vention des erreurs est un aspect fondamental.    <\/p>\n<\/li><li class=\" element-top-20 element-bottom-20\"  data-os-animation=\"none\" data-os-animation-delay=\"0s\">\n            <div class=\"features-list-icon box-animate\" data-animation=\" \">\n            <i class=\"icon-check\" style=\"color:#366fca;\"><\/i>\n        <\/div>\n        <h3>\n            <\/h3>\n    <p>\n        La qualit\u00e9 nous pousse \u00e0 pr\u00eater une attention maximale \u00e0 l\u2019\u00e9volution technologique et aux am\u00e9liorations possibles que les nouvelles technologies mettent \u00e0 notre disposition.    <\/p>\n<\/li><li class=\" element-top-20 element-bottom-20\"  data-os-animation=\"none\" data-os-animation-delay=\"0s\">\n            <div class=\"features-list-icon box-animate\" data-animation=\" \">\n            <i class=\"icon-check\" style=\"color:#366fca;\"><\/i>\n        <\/div>\n        <h3>\n            <\/h3>\n    <p>\n        La qualit\u00e9 exige la participation et la collaboration de tous, c&rsquo;est pourquoi cette politique est diffus\u00e9e \u00e0 tous les employ\u00e9s d&rsquo;Industrias FEU S.L. personnel. pour votre connaissance et votre compr\u00e9hension.    <\/p>\n<\/li><li class=\" element-top-20 element-bottom-20\"  data-os-animation=\"none\" data-os-animation-delay=\"0s\">\n            <div class=\"features-list-icon box-animate\" data-animation=\" \">\n            <i class=\"icon-check\" style=\"color:#366fca;\"><\/i>\n        <\/div>\n        <h3>\n            <\/h3>\n    <p>\n        La haute direction s\u2019engage \u00e0 int\u00e9grer la durabilit\u00e9 dans la strat\u00e9gie d\u2019entreprise, \u00e0 fixer des objectifs clairs et \u00e0 identifier les options li\u00e9es \u00e0 la performance environnementale.    <\/p>\n<\/li><\/ul><div class=\"col-text-1 text-normal  element-top-20 element-bottom-20\" data-os-animation=\"none\" data-os-animation-delay=\"0s\">\n    <p><span class=\"HwtZe\" lang=\"fr\"><span class=\"jCAhz ChMk0b\"><span class=\"ryNqvb\">Pour que ces principes soient mis en \u0153uvre efficacement, le soutien de l\u2019\u00e9quipe de direction et du personnel est absolument essentiel.<\/span><\/span> <\/span><\/p>\n<\/div>\n<div class=\"col-text-1 text-normal  element-top-20 element-bottom-20\" data-os-animation=\"none\" data-os-animation-delay=\"0s\">\n    <p style=\"text-align: right;\"><span class=\"SvKTZc\">La <span lang=\"fr\">direction<\/span><\/span><\/p>\n<p>&nbsp;<\/p>\n<p style=\"text-align: right;\"><span class=\"HwtZe\" lang=\"fr\"><span class=\"jCAhz ChMk0b\"><span class=\"ryNqvb\">Poliny\u00e0, 19 mai 2025<\/span><\/span><\/span><\/p>\n<\/div>\n<\/div><div class=\"col-md-2     text-default small-screen-default\"  ><\/div>        <\/div>\n    <\/div>\n<\/section>\n","protected":false},"excerpt":{"rendered":"[rev_slider_vc alias=\"slider-9-1-1\"] POLITIQUE DE QUALIT\u00c9 Industrias FEU S.L., une organisation d\u00e9di\u00e9e \u00e0 la fabrication de pi\u00e8ces de rechange pour suspensions de v\u00e9hicules industriels, a d\u00e9cid\u00e9 de mettre en \u0153uvre un syst\u00e8me de gestion de la qualit\u00e9 bas\u00e9 sur la norme ISO 9001 pour am\u00e9liorer le service qu'elle fournit \u00e0 ses clients.La direction de Industrias FEU","protected":false},"author":1,"featured_media":0,"parent":0,"menu_order":1,"comment_status":"closed","ping_status":"closed","template":"","meta":{"footnotes":""},"class_list":["post-553","page","type-page","status-publish","hentry"],"aioseo_notices":[],"_links":{"self":[{"href":"https:\/\/www.industriasfeu.es\/fr\/wp-json\/wp\/v2\/pages\/553","targetHints":{"allow":["GET"]}}],"collection":[{"href":"https:\/\/www.industriasfeu.es\/fr\/wp-json\/wp\/v2\/pages"}],"about":[{"href":"https:\/\/www.industriasfeu.es\/fr\/wp-json\/wp\/v2\/types\/page"}],"author":[{"embeddable":true,"href":"https:\/\/www.industriasfeu.es\/fr\/wp-json\/wp\/v2\/users\/1"}],"replies":[{"embeddable":true,"href":"https:\/\/www.industriasfeu.es\/fr\/wp-json\/wp\/v2\/comments?post=553"}],"version-history":[{"count":9,"href":"https:\/\/www.industriasfeu.es\/fr\/wp-json\/wp\/v2\/pages\/553\/revisions"}],"predecessor-version":[{"id":926,"href":"https:\/\/www.industriasfeu.es\/fr\/wp-json\/wp\/v2\/pages\/553\/revisions\/926"}],"wp:attachment":[{"href":"https:\/\/www.industriasfeu.es\/fr\/wp-json\/wp\/v2\/media?parent=553"}],"curies":[{"name":"wp","href":"https:\/\/api.w.org\/{rel}","templated":true}]}}