{"id":386,"date":"2021-05-19T11:11:20","date_gmt":"2021-05-19T11:11:20","guid":{"rendered":"https:\/\/www.industriasfeu.es\/?page_id=386"},"modified":"2025-05-23T09:56:33","modified_gmt":"2025-05-23T09:56:33","slug":"calidad","status":"publish","type":"page","link":"https:\/\/www.industriasfeu.es\/es\/calidad\/","title":{"rendered":"Calidad"},"content":{"rendered":"<section class=\"section  text-normal section-text-no-shadow section-inner-no-shadow section-normal section-opaque\"  >\n    \n    <div class=\"background-overlay grid-overlay-0 \" style=\"background-color: rgba(0,0,0,0);\"><\/div>\n\n    <div class=\"container-fullwidth container-vertical-default\">\n        <div class=\"row vertical-default\">\n            <div class=\"col-md-12     text-default small-screen-default\"  >[rev_slider_vc alias=\u00bbslider-9-1-1&#8243;]<\/div>        <\/div>\n    <\/div>\n<\/section>\n<section class=\"section  text-normal section-text-no-shadow section-inner-no-shadow section-normal section-opaque\"  >\n    \n    <div class=\"background-overlay grid-overlay-0 \" style=\"background-color: rgba(0,0,0,0);\"><\/div>\n\n    <div class=\"container container-vertical-default\">\n        <div class=\"row vertical-default\">\n            <div class=\"col-md-12     text-default small-screen-default\"  ><h1 class=\"text-center  element-top-50 element-bottom-0 text-normal os-animation big default\" data-os-animation=\"fadeIn\" data-os-animation-delay=\"0s\" >\n    POL\u00cdTICA DE CALIDAD<\/h1><div class=\"divider-border  divider-border-center element-top-10 element-bottom-10 os-animation\" data-os-animation=\"fadeIn\" data-os-animation-delay=\"0.1s\"  style=\"height:3px;\">\n    <div class=\"divider-border-inner\"  style=\"width:60px;\"><\/div>\n<\/div><p class=\"lead text-center center  text-normal element-top-20 element-bottom-40 os-animation \" data-os-animation=\"fadeIn\" data-os-animation-delay=\"0.2s\"><strong>Industrias FEU S.L.<\/strong>, organizaci\u00f3n dedicada a la fabricaci\u00f3n de piezas de recambio para la suspensi\u00f3n de veh\u00edculos industriales, ha decidido implantar un Sistema de Gesti\u00f3n de la Calidad basado en la norma ISO 9001 para mejorar el servicio que presta a sus clientes.<\/p><p class=\"lead text-center center  text-normal element-top-20 element-bottom-40 os-animation \" data-os-animation=\"fadeIn\" data-os-animation-delay=\"0.2s\">La Direcci\u00f3n de <strong>Industrias FEU S.L. <\/strong>enfoca el Sistema de la Calidad como una manera de organizar el funcionamiento de <strong>Industrias FEU S.L. <\/strong>partiendo de unos pilares b\u00e1sicos como son la Calidad de sus productos, la satisfacci\u00f3n del cliente y la mejora continua de la eficacia del Sistema. Para ello, el Sistema de Gesti\u00f3n de la Calidad de <strong>Industrias FEU S.L. <\/strong>se basa en:<\/p><\/div>        <\/div>\n    <\/div>\n<\/section>\n<section class=\"section  text-normal section-text-no-shadow section-inner-no-shadow section-normal section-opaque\"  >\n    \n    <div class=\"background-overlay grid-overlay-0 \" style=\"background-color: rgba(0,0,0,0);\"><\/div>\n\n    <div class=\"container container-vertical-default\">\n        <div class=\"row vertical-default\">\n            <div class=\"col-md-2     text-default small-screen-default\"  ><\/div><div class=\"col-md-8     text-default small-screen-default\"  ><ul class=\"features-list  text-normal element-top-20 element-bottom-20 os-animation\" data-os-animation=\"fadeIn\" data-os-animation-delay=\"0s\">\n    <li class=\" element-top-20 element-bottom-20\"  data-os-animation=\"none\" data-os-animation-delay=\"0s\">\n            <div class=\"features-list-icon box-animate\" data-animation=\" \">\n            <i class=\"icon-check\" style=\"color:#366fca;\"><\/i>\n        <\/div>\n        <h3>\n            <\/h3>\n    <p>\n        La Calidad y su mejora son responsabilidad de todos los integrantes de Industrias FEU S.L. empezando desde arriba.    <\/p>\n<\/li><li class=\" element-top-20 element-bottom-20\"  data-os-animation=\"none\" data-os-animation-delay=\"0s\">\n            <div class=\"features-list-icon box-animate\" data-animation=\" \">\n            <i class=\"icon-check\" style=\"color:#366fca;\"><\/i>\n        <\/div>\n        <h3>\n            <\/h3>\n    <p>\n        La Calidad se obtiene planificando, ejecutando, revisando y mejorando el Sistema de Gesti\u00f3n, teniendo presente en todo momento el contexto de la organizaci\u00f3n, tanto interno como externo.    <\/p>\n<\/li><li class=\" element-top-20 element-bottom-20\"  data-os-animation=\"none\" data-os-animation-delay=\"0s\">\n            <div class=\"features-list-icon box-animate\" data-animation=\" \">\n            <i class=\"icon-check\" style=\"color:#366fca;\"><\/i>\n        <\/div>\n        <h3>\n            <\/h3>\n    <p>\n        La Calidad est\u00e1 orientada hacia la Satisfacci\u00f3n de todos nuestros clientes (y partes interesadas), mediante el compromiso de toda la organizaci\u00f3n en cumplir con sus necesidades y requisitos, as\u00ed como los requisitos legales y reglamentarios y los propios de los productos.    <\/p>\n<\/li><li class=\" element-top-20 element-bottom-20\"  data-os-animation=\"none\" data-os-animation-delay=\"0s\">\n            <div class=\"features-list-icon box-animate\" data-animation=\" \">\n            <i class=\"icon-check\" style=\"color:#366fca;\"><\/i>\n        <\/div>\n        <h3>\n            <\/h3>\n    <p>\n        La Calidad se apoya en la Mejora Continua tanto de los procesos productivos y de prestaci\u00f3n del servicio, como de la eficacia del Sistema de Gesti\u00f3n de la Calidad en el que prevenir los errores sea un aspecto fundamental.    <\/p>\n<\/li><li class=\" element-top-20 element-bottom-20\"  data-os-animation=\"none\" data-os-animation-delay=\"0s\">\n            <div class=\"features-list-icon box-animate\" data-animation=\" \">\n            <i class=\"icon-check\" style=\"color:#366fca;\"><\/i>\n        <\/div>\n        <h3>\n            <\/h3>\n    <p>\n        La Calidad nos dirige a prestar la m\u00e1xima atenci\u00f3n a la evoluci\u00f3n tecnol\u00f3gica y a las posibles mejoras que las nuevas tecnolog\u00edas pusieran a nuestra disposici\u00f3n.    <\/p>\n<\/li><li class=\" element-top-20 element-bottom-20\"  data-os-animation=\"none\" data-os-animation-delay=\"0s\">\n            <div class=\"features-list-icon box-animate\" data-animation=\" \">\n            <i class=\"icon-check\" style=\"color:#366fca;\"><\/i>\n        <\/div>\n        <h3>\n            <\/h3>\n    <p>\n        La Calidad requiere de la participaci\u00f3n y colaboraci\u00f3n de todos por lo que esta Pol\u00edtica es difundida a todo el personal de Industrias FEU S.L. para su conocimiento y comprensi\u00f3n.    <\/p>\n<\/li><li class=\" element-top-20 element-bottom-20\"  data-os-animation=\"none\" data-os-animation-delay=\"0s\">\n            <div class=\"features-list-icon box-animate\" data-animation=\" \">\n            <i class=\"icon-check\" style=\"color:#366fca;\"><\/i>\n        <\/div>\n        <h3>\n            <\/h3>\n    <p>\n        La alta Direcci\u00f3n se compromete a integrar la sostenibilidad con la estrategia empresarial, estableciendo objetivos claros y determinando opciones relacionadas con el desempe\u00f1o ambiental.    <\/p>\n<\/li><\/ul><div class=\"col-text-1 text-normal  element-top-20 element-bottom-20\" data-os-animation=\"none\" data-os-animation-delay=\"0s\">\n    <p>Para la aplicaci\u00f3n efectiva de estos principios, es absolutamente necesario el apoyo a los mismos tanto del equipo directivo como de la plantilla.<\/p>\n<\/div>\n<div class=\"col-text-1 text-normal  element-top-20 element-bottom-20\" data-os-animation=\"none\" data-os-animation-delay=\"0s\">\n    <p style=\"text-align: right;\">Direcci\u00f3n<\/p>\n<p>&nbsp;<\/p>\n<p style=\"text-align: right;\">Poliny\u00e0, 19 de Mayo de 2025<\/p>\n<\/div>\n<\/div><div class=\"col-md-2     text-default small-screen-default\"  ><\/div>        <\/div>\n    <\/div>\n<\/section>\n","protected":false},"excerpt":{"rendered":"[rev_slider_vc alias=\"slider-9-1-1\"] POL\u00cdTICA DE CALIDAD Industrias FEU S.L., organizaci\u00f3n dedicada a la fabricaci\u00f3n de piezas de recambio para la suspensi\u00f3n de veh\u00edculos industriales, ha decidido implantar un Sistema de Gesti\u00f3n de la Calidad basado en la norma ISO 9001 para mejorar el servicio que presta a sus clientes.La Direcci\u00f3n de Industrias FEU S.L. enfoca el","protected":false},"author":1,"featured_media":0,"parent":0,"menu_order":1,"comment_status":"closed","ping_status":"closed","template":"","meta":{"footnotes":""},"class_list":["post-386","page","type-page","status-publish","hentry"],"aioseo_notices":[],"_links":{"self":[{"href":"https:\/\/www.industriasfeu.es\/es\/wp-json\/wp\/v2\/pages\/386","targetHints":{"allow":["GET"]}}],"collection":[{"href":"https:\/\/www.industriasfeu.es\/es\/wp-json\/wp\/v2\/pages"}],"about":[{"href":"https:\/\/www.industriasfeu.es\/es\/wp-json\/wp\/v2\/types\/page"}],"author":[{"embeddable":true,"href":"https:\/\/www.industriasfeu.es\/es\/wp-json\/wp\/v2\/users\/1"}],"replies":[{"embeddable":true,"href":"https:\/\/www.industriasfeu.es\/es\/wp-json\/wp\/v2\/comments?post=386"}],"version-history":[{"count":23,"href":"https:\/\/www.industriasfeu.es\/es\/wp-json\/wp\/v2\/pages\/386\/revisions"}],"predecessor-version":[{"id":919,"href":"https:\/\/www.industriasfeu.es\/es\/wp-json\/wp\/v2\/pages\/386\/revisions\/919"}],"wp:attachment":[{"href":"https:\/\/www.industriasfeu.es\/es\/wp-json\/wp\/v2\/media?parent=386"}],"curies":[{"name":"wp","href":"https:\/\/api.w.org\/{rel}","templated":true}]}}