{"id":719,"date":"2022-07-25T10:28:34","date_gmt":"2022-07-25T10:28:34","guid":{"rendered":"https:\/\/www.industriasfeu.es\/?page_id=719"},"modified":"2022-07-25T10:28:34","modified_gmt":"2022-07-25T10:28:34","slug":"kataloge","status":"publish","type":"page","link":"https:\/\/www.industriasfeu.es\/de\/kataloge\/","title":{"rendered":"Kataloge"},"content":{"rendered":"<section class=\"section  text-normal section-text-no-shadow section-inner-no-shadow section-normal section-opaque\"  >\n    \n    <div class=\"background-overlay grid-overlay-0 \" style=\"background-color: rgba(0,0,0,0);\"><\/div>\n\n    <div class=\"container-fullwidth container-vertical-default\">\n        <div class=\"row vertical-default\">\n            <div class=\"col-md-12     text-default small-screen-default\"  >[rev_slider_vc alias=&#8220;slider-calidad-1&#8243;]<\/div>        <\/div>\n    <\/div>\n<\/section>\n<section class=\"section  text-normal section-text-no-shadow section-inner-no-shadow section-normal section-opaque\"  >\n    \n    <div class=\"background-overlay grid-overlay-0 \" style=\"background-color: rgba(0,0,0,0);\"><\/div>\n\n    <div class=\"container container-vertical-default\">\n        <div class=\"row vertical-default\">\n            <div class=\"col-md-12     text-default small-screen-default\"  ><h1 class=\"text-center  element-top-50 element-bottom-0 text-normal os-animation big default\" data-os-animation=\"fadeIn\" data-os-animation-delay=\"0s\" >\n    KATALOGE HERUNTERLADEN<\/h1><div class=\"divider-border  divider-border-center element-top-10 element-bottom-10 os-animation\" data-os-animation=\"fadeIn\" data-os-animation-delay=\"0.1s\"  style=\"height:3px;\">\n    <div class=\"divider-border-inner\"  style=\"width:60px;\"><\/div>\n<\/div><p class=\"lead text-center center  text-normal element-top-20 element-bottom-40 os-animation \" data-os-animation=\"fadeIn\" data-os-animation-delay=\"0.2s\">Wir haben ein breites Sortiment an Ersatzteilen f\u00fcr Industriefahrzeuge und Blattfedern, anpassbar an nationale und internationale Marken.Effektivit\u00e4t des Systems. Hierf\u00fcr ist das Qualit\u00e4tsmanagementsystem von Industrias FEU S.L. es basiert auf:<\/p><\/div>        <\/div>\n    <\/div>\n<\/section>\n<section class=\"section  text-normal section-text-no-shadow section-inner-no-shadow section-normal section-opaque\"  >\n    \n    <div class=\"background-overlay grid-overlay-0 \" style=\"background-color: rgba(0,0,0,0);\"><\/div>\n\n    <div class=\"container container-vertical-default\">\n        <div class=\"row vertical-default\">\n            <div class=\"col-md-2     text-default small-screen-default\"  ><\/div><div class=\"col-md-8     text-default small-screen-default\"  ><div class=\"list-container row  element-top-20 element-bottom-20\" data-os-animation=\"none\" data-os-animation-delay=\"0s\">\n<div class=\"col-md-6 text-normal element-top-0 element-bottom-20 text-center\" data-os-animation=\"none\" data-os-animation-delay=\"0s\">\n                        <span class=\"service-simple-image\">\n                            <\/span>\n                        <h3>\n                            <a href=\"https:\/\/www.industriasfeu.es\/wp-content\/uploads\/2021\/05\/FABRICACION.pdf\" target=\"_blank\">\n                        BESONDERER HERSTELLUNGSKATALOG                            <\/a>\n                    <\/h3>\n                <p><\/p>\n        <\/div><div class=\"col-md-6 text-normal element-top-0 element-bottom-20 text-center\" data-os-animation=\"none\" data-os-animation-delay=\"0s\">\n                        <span class=\"service-simple-image\">\n                            <\/span>\n                        <h3>\n                            <a href=\"https:\/\/www.industriasfeu.es\/wp-content\/uploads\/2023\/09\/CATALOGO-FEU-COMPLETO.pdf\" target=\"_blank\">\n                        INDUSTRIELLE FAHRZEUGKATALOG                            <\/a>\n                    <\/h3>\n                <p><\/p>\n        <\/div><\/div><\/div><div class=\"col-md-2     text-default small-screen-default\"  ><\/div>        <\/div>\n    <\/div>\n<\/section>\n","protected":false},"excerpt":{"rendered":"","protected":false},"author":1,"featured_media":0,"parent":0,"menu_order":2,"comment_status":"closed","ping_status":"closed","template":"","meta":{"footnotes":""},"class_list":["post-719","page","type-page","status-publish","hentry"],"aioseo_notices":[],"_links":{"self":[{"href":"https:\/\/www.industriasfeu.es\/de\/wp-json\/wp\/v2\/pages\/719","targetHints":{"allow":["GET"]}}],"collection":[{"href":"https:\/\/www.industriasfeu.es\/de\/wp-json\/wp\/v2\/pages"}],"about":[{"href":"https:\/\/www.industriasfeu.es\/de\/wp-json\/wp\/v2\/types\/page"}],"author":[{"embeddable":true,"href":"https:\/\/www.industriasfeu.es\/de\/wp-json\/wp\/v2\/users\/1"}],"replies":[{"embeddable":true,"href":"https:\/\/www.industriasfeu.es\/de\/wp-json\/wp\/v2\/comments?post=719"}],"version-history":[{"count":3,"href":"https:\/\/www.industriasfeu.es\/de\/wp-json\/wp\/v2\/pages\/719\/revisions"}],"predecessor-version":[{"id":742,"href":"https:\/\/www.industriasfeu.es\/de\/wp-json\/wp\/v2\/pages\/719\/revisions\/742"}],"wp:attachment":[{"href":"https:\/\/www.industriasfeu.es\/de\/wp-json\/wp\/v2\/media?parent=719"}],"curies":[{"name":"wp","href":"https:\/\/api.w.org\/{rel}","templated":true}]}}