{"id":554,"date":"2021-05-19T11:11:20","date_gmt":"2021-05-19T11:11:20","guid":{"rendered":"https:\/\/www.industriasfeu.es\/quality\/"},"modified":"2025-05-23T10:28:30","modified_gmt":"2025-05-23T10:28:30","slug":"qualitat","status":"publish","type":"page","link":"https:\/\/www.industriasfeu.es\/de\/qualitat\/","title":{"rendered":"Qualit\u00e4t"},"content":{"rendered":"<section class=\"section  text-normal section-text-no-shadow section-inner-no-shadow section-normal section-opaque\"  >\n    \n    <div class=\"background-overlay grid-overlay-0 \" style=\"background-color: rgba(0,0,0,0);\"><\/div>\n\n    <div class=\"container-fullwidth container-vertical-default\">\n        <div class=\"row vertical-default\">\n            <div class=\"col-md-12     text-default small-screen-default\"  >[rev_slider_vc alias=&#8220;slider-9-1-1&#8243;]<\/div>        <\/div>\n    <\/div>\n<\/section>\n<section class=\"section  text-normal section-text-no-shadow section-inner-no-shadow section-normal section-opaque\"  >\n    \n    <div class=\"background-overlay grid-overlay-0 \" style=\"background-color: rgba(0,0,0,0);\"><\/div>\n\n    <div class=\"container container-vertical-default\">\n        <div class=\"row vertical-default\">\n            <div class=\"col-md-12     text-default small-screen-default\"  ><h1 class=\"text-center  element-top-50 element-bottom-0 text-normal os-animation big default\" data-os-animation=\"fadeIn\" data-os-animation-delay=\"0s\" >\n    QUALIT\u00c4TSPOLITIK<\/h1><div class=\"divider-border  divider-border-center element-top-10 element-bottom-10 os-animation\" data-os-animation=\"fadeIn\" data-os-animation-delay=\"0.1s\"  style=\"height:3px;\">\n    <div class=\"divider-border-inner\"  style=\"width:60px;\"><\/div>\n<\/div><p class=\"lead text-center center  text-normal element-top-20 element-bottom-40 os-animation \" data-os-animation=\"fadeIn\" data-os-animation-delay=\"0.2s\"><strong>Industrias FEU S.L.<\/strong>, ein Unternehmen, das sich auf die Herstellung von Ersatzteilen f\u00fcr die Aufh\u00e4ngung von Industriefahrzeugen spezialisiert hat, hat beschlossen, ein Qualit\u00e4tsmanagementsystem auf Grundlage der Norm ISO 9001 einzuf\u00fchren, um den Service f\u00fcr seine Kunden zu verbessern.<\/p><p class=\"lead text-center center  text-normal element-top-20 element-bottom-40 os-animation \" data-os-animation=\"fadeIn\" data-os-animation-delay=\"0.2s\">Das Management von <strong>Industrias FEU S.L.<\/strong> konzentriert sich auf das Qualit\u00e4tssystem als M\u00f6glichkeit, den Betrieb von <strong>Industrias FEU S.L.<\/strong>. zu organisieren. basiert auf Grundpfeilern wie der Qualit\u00e4t seiner Produkte, der Kundenzufriedenheit und der kontinuierlichen Verbesserung der Effektivit\u00e4t des Systems. Zu diesem Zweck dient das Qualit\u00e4tsmanagementsystem von <strong>Industrias FEU S.L.<\/strong> basiert auf:<\/p><\/div>        <\/div>\n    <\/div>\n<\/section>\n<section class=\"section  text-normal section-text-no-shadow section-inner-no-shadow section-normal section-opaque\"  >\n    \n    <div class=\"background-overlay grid-overlay-0 \" style=\"background-color: rgba(0,0,0,0);\"><\/div>\n\n    <div class=\"container container-vertical-default\">\n        <div class=\"row vertical-default\">\n            <div class=\"col-md-2     text-default small-screen-default\"  ><\/div><div class=\"col-md-8     text-default small-screen-default\"  ><ul class=\"features-list  text-normal element-top-20 element-bottom-20 os-animation\" data-os-animation=\"fadeIn\" data-os-animation-delay=\"0s\">\n    <li class=\" element-top-20 element-bottom-20\"  data-os-animation=\"none\" data-os-animation-delay=\"0s\">\n            <div class=\"features-list-icon box-animate\" data-animation=\" \">\n            <i class=\"icon-check\" style=\"color:#366fca;\"><\/i>\n        <\/div>\n        <h3>\n            <\/h3>\n    <p>\n        Qualit\u00e4t und deren Verbesserung liegen in der Verantwortung aller Mitglieder von Industrias FEU S.L. von oben beginnend.    <\/p>\n<\/li><li class=\" element-top-20 element-bottom-20\"  data-os-animation=\"none\" data-os-animation-delay=\"0s\">\n            <div class=\"features-list-icon box-animate\" data-animation=\" \">\n            <i class=\"icon-check\" style=\"color:#366fca;\"><\/i>\n        <\/div>\n        <h3>\n            <\/h3>\n    <p>\n        Qualit\u00e4t wird durch die Planung, Ausf\u00fchrung, \u00dcberpr\u00fcfung und Verbesserung des Managementsystems erreicht, wobei stets der interne und externe Kontext der Organisation ber\u00fccksichtigt wird.    <\/p>\n<\/li><li class=\" element-top-20 element-bottom-20\"  data-os-animation=\"none\" data-os-animation-delay=\"0s\">\n            <div class=\"features-list-icon box-animate\" data-animation=\" \">\n            <i class=\"icon-check\" style=\"color:#366fca;\"><\/i>\n        <\/div>\n        <h3>\n            <\/h3>\n    <p>\n        Qualit\u00e4t ist auf die Zufriedenheit aller unserer Kunden (und Stakeholder) ausgerichtet, und zwar durch das Engagement der gesamten Organisation, ihre Bed\u00fcrfnisse und Anforderungen sowie die gesetzlichen und beh\u00f6rdlichen Anforderungen und die der Produkte selbst zu erf\u00fcllen.    <\/p>\n<\/li><li class=\" element-top-20 element-bottom-20\"  data-os-animation=\"none\" data-os-animation-delay=\"0s\">\n            <div class=\"features-list-icon box-animate\" data-animation=\" \">\n            <i class=\"icon-check\" style=\"color:#366fca;\"><\/i>\n        <\/div>\n        <h3>\n            <\/h3>\n    <p>\n        Qualit\u00e4t basiert auf der kontinuierlichen Verbesserung der Produktions- und Dienstleistungsprozesse sowie der Wirksamkeit des Qualit\u00e4tsmanagementsystems, bei dem die Fehlervermeidung ein grundlegender Aspekt ist.    <\/p>\n<\/li><li class=\" element-top-20 element-bottom-20\"  data-os-animation=\"none\" data-os-animation-delay=\"0s\">\n            <div class=\"features-list-icon box-animate\" data-animation=\" \">\n            <i class=\"icon-check\" style=\"color:#366fca;\"><\/i>\n        <\/div>\n        <h3>\n            <\/h3>\n    <p>\n        Qualit\u00e4t bedeutet f\u00fcr uns, der technologischen Entwicklung und den m\u00f6glichen Verbesserungen, die uns neue Technologien bieten, maximale Aufmerksamkeit zu schenken.    <\/p>\n<\/li><li class=\" element-top-20 element-bottom-20\"  data-os-animation=\"none\" data-os-animation-delay=\"0s\">\n            <div class=\"features-list-icon box-animate\" data-animation=\" \">\n            <i class=\"icon-check\" style=\"color:#366fca;\"><\/i>\n        <\/div>\n        <h3>\n            <\/h3>\n    <p>\n        Qualit\u00e4t erfordert die Teilnahme und Zusammenarbeit aller, weshalb diese Richtlinie an alle Mitarbeiter von Industrias FEU S.L. weitergegeben wird. Personal. f\u00fcr Ihr Wissen und Verst\u00e4ndnis.    <\/p>\n<\/li><li class=\" element-top-20 element-bottom-20\"  data-os-animation=\"none\" data-os-animation-delay=\"0s\">\n            <div class=\"features-list-icon box-animate\" data-animation=\" \">\n            <i class=\"icon-check\" style=\"color:#366fca;\"><\/i>\n        <\/div>\n        <h3>\n            <\/h3>\n    <p>\n        Die Gesch\u00e4ftsleitung ist bestrebt, Nachhaltigkeit in die Gesch\u00e4ftsstrategie zu integrieren, klare Ziele festzulegen und Optionen im Zusammenhang mit der Umweltleistung zu ermitteln.    <\/p>\n<\/li><\/ul><div class=\"col-text-1 text-normal  element-top-20 element-bottom-20\" data-os-animation=\"none\" data-os-animation-delay=\"0s\">\n    <p><span class=\"HwtZe\" lang=\"de\"><span class=\"jCAhz ChMk0b\"><span class=\"ryNqvb\">F\u00fcr die wirksame Umsetzung dieser Grunds\u00e4tze ist die Unterst\u00fctzung sowohl der Gesch\u00e4ftsf\u00fchrung als auch der Belegschaft unabdingbar.<\/span><\/span> <\/span><\/p>\n<\/div>\n<div class=\"col-text-1 text-normal  element-top-20 element-bottom-20\" data-os-animation=\"none\" data-os-animation-delay=\"0s\">\n    <p style=\"text-align: right;\">Management<\/p>\n<p>&nbsp;<\/p>\n<p style=\"text-align: right;\">Poliny\u00e0, 19. Mai 2025<\/p>\n<\/div>\n<\/div><div class=\"col-md-2     text-default small-screen-default\"  ><\/div>        <\/div>\n    <\/div>\n<\/section>\n","protected":false},"excerpt":{"rendered":"[rev_slider_vc alias=\"slider-9-1-1\"] QUALIT\u00c4TSPOLITIK Industrias FEU S.L., ein Unternehmen, das sich auf die Herstellung von Ersatzteilen f\u00fcr die Aufh\u00e4ngung von Industriefahrzeugen spezialisiert hat, hat beschlossen, ein Qualit\u00e4tsmanagementsystem auf Grundlage der Norm ISO 9001 einzuf\u00fchren, um den Service f\u00fcr seine Kunden zu verbessern.Das Management von Industrias FEU S.L. konzentriert sich auf das Qualit\u00e4tssystem als M\u00f6glichkeit, den Betrieb","protected":false},"author":1,"featured_media":0,"parent":0,"menu_order":1,"comment_status":"closed","ping_status":"closed","template":"","meta":{"footnotes":""},"class_list":["post-554","page","type-page","status-publish","hentry"],"aioseo_notices":[],"_links":{"self":[{"href":"https:\/\/www.industriasfeu.es\/de\/wp-json\/wp\/v2\/pages\/554","targetHints":{"allow":["GET"]}}],"collection":[{"href":"https:\/\/www.industriasfeu.es\/de\/wp-json\/wp\/v2\/pages"}],"about":[{"href":"https:\/\/www.industriasfeu.es\/de\/wp-json\/wp\/v2\/types\/page"}],"author":[{"embeddable":true,"href":"https:\/\/www.industriasfeu.es\/de\/wp-json\/wp\/v2\/users\/1"}],"replies":[{"embeddable":true,"href":"https:\/\/www.industriasfeu.es\/de\/wp-json\/wp\/v2\/comments?post=554"}],"version-history":[{"count":10,"href":"https:\/\/www.industriasfeu.es\/de\/wp-json\/wp\/v2\/pages\/554\/revisions"}],"predecessor-version":[{"id":931,"href":"https:\/\/www.industriasfeu.es\/de\/wp-json\/wp\/v2\/pages\/554\/revisions\/931"}],"wp:attachment":[{"href":"https:\/\/www.industriasfeu.es\/de\/wp-json\/wp\/v2\/media?parent=554"}],"curies":[{"name":"wp","href":"https:\/\/api.w.org\/{rel}","templated":true}]}}