{"id":548,"date":"2014-09-26T10:49:44","date_gmt":"2014-09-26T10:49:44","guid":{"rendered":"https:\/\/www.industriasfeu.es\/home\/"},"modified":"2023-09-22T07:48:19","modified_gmt":"2023-09-22T07:48:19","slug":"inicio","status":"publish","type":"page","link":"https:\/\/www.industriasfeu.es\/de\/","title":{"rendered":"Start"},"content":{"rendered":"<section class=\"section  text-normal section-text-no-shadow section-inner-no-shadow section-normal section-opaque\"  >\n    \n    <div class=\"background-overlay grid-overlay-0 \" style=\"background-color: rgba(0,0,0,0);\"><\/div>\n\n    <div class=\"container-fullwidth container-vertical-default\">\n        <div class=\"row vertical-default\">\n            <div class=\"col-md-12     text-default small-screen-default\"  >[rev_slider_vc alias=&#8220;slider-home&#8220;]<\/div>        <\/div>\n    <\/div>\n<\/section>\n<section class=\"section  text-normal section-text-no-shadow section-inner-no-shadow section-normal section-opaque\"  >\n    \n    <div class=\"background-overlay grid-overlay-0 \" style=\"background-color: rgba(0,0,0,0);\"><\/div>\n\n    <div class=\"container container-vertical-default\">\n        <div class=\"row vertical-default\">\n            <div class=\"col-md-12     text-default small-screen-default\"  ><h1 class=\"text-center  element-top-50 element-bottom-0 text-normal os-animation big default\" data-os-animation=\"fadeIn\" data-os-animation-delay=\"0s\" >\n    DIE FIRMA<\/h1><div class=\"divider-border  divider-border-center element-top-10 element-bottom-10 os-animation\" data-os-animation=\"fadeIn\" data-os-animation-delay=\"0.1s\"  style=\"height:3px;\">\n    <div class=\"divider-border-inner\"  style=\"width:60px;\"><\/div>\n<\/div><p class=\"lead text-center center  text-normal element-top-20 element-bottom-40 os-animation \" data-os-animation=\"fadeIn\" data-os-animation-delay=\"0.2s\">Industrias Feu S.L. ist ein Unternehmen mit mehr als 40 Jahren Erfahrung im Ersatzteil- und Getriebemarkt bei industriellen Fahrzeugen.<br \/>\nW\u00e4hrend all dieser Jahre haben wir die n\u00f6tige Erfahrung gesammelt um unseren Kunden eine grosse Auswahl an Modelen mit bester Qualit\u00e4t und Schnelligkeit zu bieten.<br \/>\n<\/p><\/div>        <\/div>\n    <\/div>\n<\/section>\n<section class=\"section  text-normal section-text-no-shadow section-inner-no-shadow section-normal section-opaque\"  >\n    \n    <div class=\"background-overlay grid-overlay-0 \" style=\"background-color: rgba(0,0,0,0);\"><\/div>\n\n    <div class=\"container container-vertical-default\">\n        <div class=\"row vertical-default\">\n            <div class=\"col-md-12     text-default small-screen-default\"  ><h1 class=\"text-center  element-top-50 element-bottom-0 text-normal os-animation big default\" data-os-animation=\"fadeIn\" data-os-animation-delay=\"0s\" >\n    UNSERE DIENSTLEISTUNGEN<\/h1><p class=\"lead text-center center  text-normal element-top-0 element-bottom-30 os-animation \" data-os-animation=\"fadeIn\" data-os-animation-delay=\"0.2s\">Wir bieten Ihnen eine breite Palette hochwertiger Ersatzteile f\u00fcr Industriefahrzeuge und Blattfedern. Wir sind Spezialisten und verf\u00fcgen \u00fcber mehr als 40 Jahre Erfahrung.<\/p><div class=\"divider-border  divider-border-center element-top-10 element-bottom-10 os-animation\" data-os-animation=\"fadeIn\" data-os-animation-delay=\"0.1s\"  style=\"height:3px;\">\n    <div class=\"divider-border-inner\"  style=\"width:60px;\"><\/div>\n<\/div><div class=\"list-container row  element-top-0 element-bottom-40 os-animation\" data-os-animation=\"fadeInUp\" data-os-animation-delay=\"0.1s\">\n<div class=\"col-md-4 text-normal element-top-0 element-bottom-20 text-center os-animation\" data-os-animation=\"fadeInUp\" data-os-animation-delay=\"0.1s\">\n                        <span class=\"service-simple-image\">\n                                                            <img loading=\"lazy\" decoding=\"async\" width=\"250\" height=\"250\" src=\"https:\/\/www.industriasfeu.es\/wp-content\/uploads\/2021\/05\/feu-calidad.png\" class=\"attachment-none-image size-none-image\" alt=\"QUALIT\u00c4T\" srcset=\"https:\/\/www.industriasfeu.es\/wp-content\/uploads\/2021\/05\/feu-calidad.png 250w, https:\/\/www.industriasfeu.es\/wp-content\/uploads\/2021\/05\/feu-calidad-150x150.png 150w\" sizes=\"auto, (max-width: 250px) 100vw, 250px\" \/>                                                <\/span>\n                        <h2>\n                        QUALIT\u00c4T                    <\/h2>\n                <p><\/p>\n        <\/div><div class=\"col-md-4 text-normal element-top-0 element-bottom-20 text-center os-animation\" data-os-animation=\"fadeInUp\" data-os-animation-delay=\"0.2s\">\n                        <span class=\"service-simple-image\">\n                                                            <img loading=\"lazy\" decoding=\"async\" width=\"250\" height=\"250\" src=\"https:\/\/www.industriasfeu.es\/wp-content\/uploads\/2021\/05\/truck-icons.png\" class=\"attachment-none-image size-none-image\" alt=\"BREITE REICHWEITE VON ERSATZTEILEN\" srcset=\"https:\/\/www.industriasfeu.es\/wp-content\/uploads\/2021\/05\/truck-icons.png 250w, https:\/\/www.industriasfeu.es\/wp-content\/uploads\/2021\/05\/truck-icons-150x150.png 150w\" sizes=\"auto, (max-width: 250px) 100vw, 250px\" \/>                                                <\/span>\n                        <h2>\n                        BREITE REICHWEITE VON ERSATZTEILEN                    <\/h2>\n                <p><\/p>\n        <\/div><div class=\"col-md-4 text-normal element-top-0 element-bottom-20 text-center os-animation\" data-os-animation=\"fadeInUp\" data-os-animation-delay=\"0.3s\">\n                        <span class=\"service-simple-image\">\n                                                            <img loading=\"lazy\" decoding=\"async\" width=\"250\" height=\"250\" src=\"https:\/\/www.industriasfeu.es\/wp-content\/uploads\/2021\/05\/feu-experiencia.png\" class=\"attachment-none-image size-none-image\" alt=\"ERFAHRUNG\" srcset=\"https:\/\/www.industriasfeu.es\/wp-content\/uploads\/2021\/05\/feu-experiencia.png 250w, https:\/\/www.industriasfeu.es\/wp-content\/uploads\/2021\/05\/feu-experiencia-150x150.png 150w\" sizes=\"auto, (max-width: 250px) 100vw, 250px\" \/>                                                <\/span>\n                        <h2>\n                        ERFAHRUNG                    <\/h2>\n                <p><\/p>\n        <\/div><\/div><p class=\"lead text-center center  text-normal element-top-0 element-bottom-30 os-animation \" data-os-animation=\"fadeIn\" data-os-animation-delay=\"0.2s\">Wir sind Spezialisten f\u00fcr den Vertrieb von Zubeh\u00f6r f\u00fcr die Aufh\u00e4ngung von Industriefahrzeugen, anpassbar an: <strong>MERCEDES, VOLVO, MAN, SCANIA, BPW, ROR, DAF, IVECO, RVI, SCHMITZ, FRUEHAUF, KOGEL, TRAILOR, LECI\u00d1ENA, SAF, LECITRAILER<\/strong><\/p><p class=\"lead text-center center  text-normal element-top-0 element-bottom-40 os-animation \" data-os-animation=\"fadeIn\" data-os-animation-delay=\"0.2s\">Herstellung von Ersatz f\u00fcr Industriefahrzeugen. B\u00fcgelschrauben,Schraubzwinge,&#8230;<\/p><\/div>        <\/div>\n    <\/div>\n<\/section>\n","protected":false},"excerpt":{"rendered":"","protected":false},"author":1,"featured_media":0,"parent":0,"menu_order":0,"comment_status":"closed","ping_status":"open","template":"","meta":{"footnotes":""},"class_list":["post-548","page","type-page","status-publish","hentry"],"aioseo_notices":[],"_links":{"self":[{"href":"https:\/\/www.industriasfeu.es\/de\/wp-json\/wp\/v2\/pages\/548","targetHints":{"allow":["GET"]}}],"collection":[{"href":"https:\/\/www.industriasfeu.es\/de\/wp-json\/wp\/v2\/pages"}],"about":[{"href":"https:\/\/www.industriasfeu.es\/de\/wp-json\/wp\/v2\/types\/page"}],"author":[{"embeddable":true,"href":"https:\/\/www.industriasfeu.es\/de\/wp-json\/wp\/v2\/users\/1"}],"replies":[{"embeddable":true,"href":"https:\/\/www.industriasfeu.es\/de\/wp-json\/wp\/v2\/comments?post=548"}],"version-history":[{"count":7,"href":"https:\/\/www.industriasfeu.es\/de\/wp-json\/wp\/v2\/pages\/548\/revisions"}],"predecessor-version":[{"id":780,"href":"https:\/\/www.industriasfeu.es\/de\/wp-json\/wp\/v2\/pages\/548\/revisions\/780"}],"wp:attachment":[{"href":"https:\/\/www.industriasfeu.es\/de\/wp-json\/wp\/v2\/media?parent=548"}],"curies":[{"name":"wp","href":"https:\/\/api.w.org\/{rel}","templated":true}]}}